{"id":152238,"date":"2020-06-05T07:33:37","date_gmt":"2020-06-05T05:33:37","guid":{"rendered":"https:\/\/www.cined.com\/account\/"},"modified":"2021-02-09T16:36:16","modified_gmt":"2021-02-09T15:36:16","slug":"account","status":"publish","type":"page","link":"https:\/\/staging.cined.dev\/es\/account\/","title":{"rendered":"Account"},"content":{"rendered":"\n<p>No daremos ninguna informaci\u00f3n sobre<br>ti a terceros. Almacenaremos tu nombre<br>completo y correo electr\u00f3nico para informarte<br>sobre nuevos comentarios en esta p\u00e1gina y<br>actualizaciones en el sitio. Tambi\u00e9n puedes<br>dar de baja tu suscripci\u00f3n en cualquier<br>momento.<\/p>\n","protected":false},"excerpt":{"rendered":"<p>No daremos ninguna informaci\u00f3n sobreti a terceros. Almacenaremos tu nombrecompleto y correo electr\u00f3nico para informartesobre nuevos comentarios en esta p\u00e1gina yactualizaciones en el sitio. Tambi\u00e9n puedesdar de baja tu suscripci\u00f3n en cualquiermomento.<\/p>\n","protected":false},"author":7,"featured_media":0,"parent":0,"menu_order":0,"comment_status":"closed","ping_status":"closed","template":"page-account.php","meta":{"footnotes":"","_links_to":"","_links_to_target":""},"class_list":["post-152238","page","type-page","status-publish","hentry"],"yoast_head":"<!-- This site is optimized with the Yoast SEO Premium plugin v20.10 (Yoast SEO v27.0) - https:\/\/yoast.com\/product\/yoast-seo-premium-wordpress\/ -->\n<title>Account | CineD<\/title>\n<meta name=\"description\" content=\"No daremos ninguna informaci\u00f3n sobreti a terceros. Almacenaremos tu nombrecompleto y correo electr\u00f3nico para informartesobre nuevos comentarios en esta\" \/>\n<meta name=\"robots\" content=\"index, follow, max-snippet:-1, max-image-preview:large, max-video-preview:-1\" \/>\n<link rel=\"canonical\" href=\"https:\/\/staging.cined.dev\/es\/account\/\" \/>\n<meta property=\"og:locale\" content=\"es_ES\" \/>\n<meta property=\"og:type\" content=\"article\" \/>\n<meta property=\"og:title\" content=\"Account | CineD\" \/>\n<meta property=\"og:description\" content=\"No daremos ninguna informaci\u00f3n sobreti a terceros. Almacenaremos tu nombrecompleto y correo electr\u00f3nico para informartesobre nuevos comentarios en esta\" \/>\n<meta property=\"og:url\" content=\"https:\/\/staging.cined.dev\/es\/account\/\" \/>\n<meta property=\"og:site_name\" content=\"CineD\" \/>\n<meta property=\"article:publisher\" content=\"http:\/\/www.facebook.com\/C5Dnews\" \/>\n<meta property=\"article:modified_time\" content=\"2021-02-09T15:36:16+00:00\" \/>\n<meta name=\"twitter:card\" content=\"summary_large_image\" \/>\n<meta name=\"twitter:site\" content=\"@c5dnews\" \/>\n<script type=\"application\/ld+json\" class=\"yoast-schema-graph\">{\"@context\":\"https:\/\/schema.org\",\"@graph\":[{\"@type\":\"WebPage\",\"@id\":\"https:\/\/staging.cined.dev\/es\/account\/\",\"url\":\"https:\/\/staging.cined.dev\/es\/account\/\",\"name\":\"Account | CineD\",\"isPartOf\":{\"@id\":\"https:\/\/www.cined.com\/#website\"},\"datePublished\":\"2020-06-05T05:33:37+00:00\",\"dateModified\":\"2021-02-09T15:36:16+00:00\",\"description\":\"No daremos ninguna informaci\u00f3n sobreti a terceros. Almacenaremos tu nombrecompleto y correo electr\u00f3nico para informartesobre nuevos comentarios en esta\",\"inLanguage\":\"es-ES\",\"potentialAction\":[{\"@type\":\"ReadAction\",\"target\":[\"https:\/\/staging.cined.dev\/es\/account\/\"]}]},{\"@type\":\"WebSite\",\"@id\":\"https:\/\/www.cined.com\/#website\",\"url\":\"https:\/\/www.cined.com\/\",\"name\":\"CineD\",\"description\":\"\",\"publisher\":{\"@id\":\"https:\/\/www.cined.com\/#organization\"},\"potentialAction\":[{\"@type\":\"SearchAction\",\"target\":{\"@type\":\"EntryPoint\",\"urlTemplate\":\"https:\/\/www.cined.com\/?s={search_term_string}\"},\"query-input\":{\"@type\":\"PropertyValueSpecification\",\"valueRequired\":true,\"valueName\":\"search_term_string\"}}],\"inLanguage\":\"es-ES\"},{\"@type\":\"Organization\",\"@id\":\"https:\/\/www.cined.com\/#organization\",\"name\":\"CineD\",\"url\":\"https:\/\/www.cined.com\/\",\"logo\":{\"@type\":\"ImageObject\",\"inLanguage\":\"es-ES\",\"@id\":\"https:\/\/www.cined.com\/#\/schema\/logo\/image\/\",\"url\":\"https:\/\/staging.cined.dev\/content\/uploads\/2020\/08\/logo_email.jpg\",\"contentUrl\":\"https:\/\/staging.cined.dev\/content\/uploads\/2020\/08\/logo_email.jpg\",\"width\":313,\"height\":285,\"caption\":\"CineD\"},\"image\":{\"@id\":\"https:\/\/www.cined.com\/#\/schema\/logo\/image\/\"},\"sameAs\":[\"http:\/\/www.facebook.com\/C5Dnews\",\"https:\/\/x.com\/c5dnews\",\"https:\/\/www.youtube.com\/user\/cinema5Dnews\"]}]}<\/script>\n<!-- \/ Yoast SEO Premium plugin. -->","yoast_head_json":{"title":"Account | CineD","description":"No daremos ninguna informaci\u00f3n sobreti a terceros. Almacenaremos tu nombrecompleto y correo electr\u00f3nico para informartesobre nuevos comentarios en esta","robots":{"index":"index","follow":"follow","max-snippet":"max-snippet:-1","max-image-preview":"max-image-preview:large","max-video-preview":"max-video-preview:-1"},"canonical":"https:\/\/staging.cined.dev\/es\/account\/","og_locale":"es_ES","og_type":"article","og_title":"Account | CineD","og_description":"No daremos ninguna informaci\u00f3n sobreti a terceros. Almacenaremos tu nombrecompleto y correo electr\u00f3nico para informartesobre nuevos comentarios en esta","og_url":"https:\/\/staging.cined.dev\/es\/account\/","og_site_name":"CineD","article_publisher":"http:\/\/www.facebook.com\/C5Dnews","article_modified_time":"2021-02-09T15:36:16+00:00","twitter_card":"summary_large_image","twitter_site":"@c5dnews","schema":{"@context":"https:\/\/schema.org","@graph":[{"@type":"WebPage","@id":"https:\/\/staging.cined.dev\/es\/account\/","url":"https:\/\/staging.cined.dev\/es\/account\/","name":"Account | CineD","isPartOf":{"@id":"https:\/\/www.cined.com\/#website"},"datePublished":"2020-06-05T05:33:37+00:00","dateModified":"2021-02-09T15:36:16+00:00","description":"No daremos ninguna informaci\u00f3n sobreti a terceros. Almacenaremos tu nombrecompleto y correo electr\u00f3nico para informartesobre nuevos comentarios en esta","inLanguage":"es-ES","potentialAction":[{"@type":"ReadAction","target":["https:\/\/staging.cined.dev\/es\/account\/"]}]},{"@type":"WebSite","@id":"https:\/\/www.cined.com\/#website","url":"https:\/\/www.cined.com\/","name":"CineD","description":"","publisher":{"@id":"https:\/\/www.cined.com\/#organization"},"potentialAction":[{"@type":"SearchAction","target":{"@type":"EntryPoint","urlTemplate":"https:\/\/www.cined.com\/?s={search_term_string}"},"query-input":{"@type":"PropertyValueSpecification","valueRequired":true,"valueName":"search_term_string"}}],"inLanguage":"es-ES"},{"@type":"Organization","@id":"https:\/\/www.cined.com\/#organization","name":"CineD","url":"https:\/\/www.cined.com\/","logo":{"@type":"ImageObject","inLanguage":"es-ES","@id":"https:\/\/www.cined.com\/#\/schema\/logo\/image\/","url":"https:\/\/staging.cined.dev\/content\/uploads\/2020\/08\/logo_email.jpg","contentUrl":"https:\/\/staging.cined.dev\/content\/uploads\/2020\/08\/logo_email.jpg","width":313,"height":285,"caption":"CineD"},"image":{"@id":"https:\/\/www.cined.com\/#\/schema\/logo\/image\/"},"sameAs":["http:\/\/www.facebook.com\/C5Dnews","https:\/\/x.com\/c5dnews","https:\/\/www.youtube.com\/user\/cinema5Dnews"]}]}},"_links":{"self":[{"href":"https:\/\/staging.cined.dev\/es\/wp-json\/wp\/v2\/pages\/152238","targetHints":{"allow":["GET"]}}],"collection":[{"href":"https:\/\/staging.cined.dev\/es\/wp-json\/wp\/v2\/pages"}],"about":[{"href":"https:\/\/staging.cined.dev\/es\/wp-json\/wp\/v2\/types\/page"}],"author":[{"embeddable":true,"href":"https:\/\/staging.cined.dev\/es\/wp-json\/wp\/v2\/users\/7"}],"replies":[{"embeddable":true,"href":"https:\/\/staging.cined.dev\/es\/wp-json\/wp\/v2\/comments?post=152238"}],"version-history":[{"count":3,"href":"https:\/\/staging.cined.dev\/es\/wp-json\/wp\/v2\/pages\/152238\/revisions"}],"predecessor-version":[{"id":173896,"href":"https:\/\/staging.cined.dev\/es\/wp-json\/wp\/v2\/pages\/152238\/revisions\/173896"}],"wp:attachment":[{"href":"https:\/\/staging.cined.dev\/es\/wp-json\/wp\/v2\/media?parent=152238"}],"curies":[{"name":"wp","href":"https:\/\/api.w.org\/{rel}","templated":true}]}}