{"id":152929,"date":"2020-08-04T08:51:13","date_gmt":"2020-08-04T06:51:13","guid":{"rendered":"https:\/\/www.cined.com\/?page_id=152929"},"modified":"2020-08-24T16:17:33","modified_gmt":"2020-08-24T14:17:33","slug":"nuestros-principios","status":"publish","type":"page","link":"https:\/\/staging.cined.dev\/es\/nuestros-principios\/","title":{"rendered":"Rese\u00f1as imparciales \u2013 nuestros principios"},"content":{"rendered":"\n<p>Es un principio profundamente arraigado en la \u00e9tica de nuestro sitio: somos imparciales.<br>Ning\u00fan fabricante de nuestra industria, grande o peque\u00f1o, puede comprar nuestras opiniones. Tampoco aceptamos jam\u00e1s ning\u00fan pago por determinada opini\u00f3n. Lo que declaramos aqu\u00ed es lo que realmente pensamos.<\/p>\n\n\n\n<p><\/p>\n\n\n\n<h2 class=\"wp-block-heading\">\u00bfC\u00f3mo lo hacemos posible?<\/h2>\n\n\n\n<p>Estamos inmensamente agradecidos de habernos asociado con las principales tiendas de equipos de c\u00e1maras de tres importantes regiones. Son nuestros valiosos patrocinadores y, dado que no act\u00faan como defensores espec\u00edficos de ning\u00fan fabricante, podemos mantenernos completamente independientes. Cuando haces clic en cualquier enlace afiliado de nuestro sitio, accedes a sus tiendas, y obtenemos la misma peque\u00f1a cantidad de comisi\u00f3n por todos los clics de cualquier marca de c\u00e1mara, en caso de que decidas ordenar algo, sin costo adicional para ti.<\/p>\n\n\n\n<p>B&amp;H nos patrocina en toda la regi\u00f3n de EE. UU. y en el &#8220;resto del mundo&#8221;. CVP es nuestro patrocinador para todo lo relacionado con el Reino Unido y Europa. Y Fujiya Avic nos respalda en Jap\u00f3n. A trav\u00e9s de estos socios, que son relaciones de confianza y duraderas desarrolladas durante muchos a\u00f1os, podemos seguir siendo independientes e imparciales.<\/p>\n\n\n\n<p>Colocamos anuncios publicitarios y patrocinios para nuestros videos de noticias de equipos en el sitio, de varios tipos de empresas de nuestra industria, pero ninguno de estos anuncios est\u00e1 atado a una &#8220;rese\u00f1a positiva&#8221;. \u00a1Nunca vendemos rese\u00f1as positivas! Por desgracia, sabemos que se ha vuelto dif\u00edcil confiar en algunos canales en otros lugares, pero podemos garantizarte: nuestros espacios publicitarios est\u00e1n bien reservados, a pesar de ello. La mayor\u00eda de los fabricantes son muy respetuosos de nuestra \u00e9tica, han llegado a respetarla.<\/p>\n\n\n\n<h2 class=\"wp-block-heading\">\u00bfPor qu\u00e9 es esto importante?<\/h2>\n\n\n\n<p>Publicar contenido para un p\u00fablico numeroso y que conf\u00eda en nosotros, compartir rese\u00f1as, instructivos y consejos, no ser\u00eda ni de lejos genuino o \u00fatil, si estuvi\u00e9semos influenciados &#8220;desde arriba&#8221;. Nos preocupamos por ser honestos y transparentes, y queremos que ustedes, nuestra audiencia, se beneficien de lo que compartimos. Por lo tanto, siempre diremos lo que pensamos. Esto no solo les sirve a ustedes para formar sus propias opiniones y tomar decisiones, sino que tambi\u00e9n puede actuar como retroalimentaci\u00f3n para los fabricantes de nuestra industria. Muy a menudo, los modelos de c\u00e1maras de preproducci\u00f3n llegan a nuestra oficina, y solo la honestidad causar\u00e1 un impacto, \u00bfverdad?<\/p>\n\n\n\n<p>Nunca intentamos convencer a nadie, los comentarios insignificantes o las menciones irrelevantes ciertamente no son lo que defendemos. Las opiniones honestas que compartimos realmente les sirven tanto a los fabricantes en cuesti\u00f3n como a los cineastas que utilizan esos equipos a largo plazo.<\/p>\n\n\n\n<h2 class=\"wp-block-heading\">\u00bfPor qu\u00e9 nosotros?<\/h2>\n\n\n\n<p>Todos los miembros del creciente equipo editorial de CineD tienen experiencia profesional en la vida real. De hecho, cada miembro del equipo trabaja con clientes reales <em>y al mismo tiempo<\/em> produce informaci\u00f3n para este sitio. Formar parte del mundo de los operadores de c\u00e1mara independientes es esencial para comprender qu\u00e9 tipo de equipos tienen sentido y cu\u00e1les no. Nuestros puntos de vista y nuestras opiniones independientes provienen de la experiencia pr\u00e1ctica, a menudo una rese\u00f1a forma parte de un proyecto real. Esto nos da la posibilidad de informar desde el campo, no solo desde la teor\u00eda. Factores como la presi\u00f3n del tiempo y las restricciones, las influencias ambientales y las condiciones clim\u00e1ticas, los l\u00edmites en el tama\u00f1o\/peso del equipaje, etc., son tenidos en cuenta cuando rese\u00f1amos equipos de esta manera.<\/p>\n\n\n\n<p>Nuestro gran objetivo es ser una fuente de conocimiento confiable para ti. Y estamos convencidos de que esto solo se puede lograr manteniendo la imparcialidad, y verificando constantemente esa condici\u00f3n.<\/p>\n","protected":false},"excerpt":{"rendered":"<p>Es un principio profundamente arraigado en la \u00e9tica de nuestro sitio: somos imparciales.Ning\u00fan fabricante de nuestra industria, grande o peque\u00f1o, puede comprar nuestras opiniones. Tampoco aceptamos jam\u00e1s ning\u00fan pago por determinada opini\u00f3n. Lo que declaramos aqu\u00ed es lo que realmente pensamos. \u00bfC\u00f3mo lo hacemos posible? Estamos inmensamente agradecidos de habernos asociado con las principales tiendas de equipos de c\u00e1maras de tres importantes regiones. Son nuestros valiosos patrocinadores y, dado que no act\u00faan como defensores espec\u00edficos de ning\u00fan fabricante, podemos mantenernos completamente independientes. Cuando haces clic en cualquier enlace afiliado de nuestro sitio, accedes a sus tiendas, y obtenemos la misma peque\u00f1a cantidad de comisi\u00f3n por todos los clics de cualquier [&hellip;]<\/p>\n","protected":false},"author":16404,"featured_media":0,"parent":0,"menu_order":0,"comment_status":"closed","ping_status":"closed","template":"","meta":{"footnotes":"","_links_to":"","_links_to_target":""},"class_list":["post-152929","page","type-page","status-publish","hentry"],"yoast_head":"<!-- This site is optimized with the Yoast SEO Premium plugin v20.10 (Yoast SEO v27.0) - https:\/\/yoast.com\/product\/yoast-seo-premium-wordpress\/ -->\n<title>Rese\u00f1as imparciales \u2013 nuestros principios | CineD<\/title>\n<meta name=\"description\" content=\"Es un principio profundamente arraigado en la \u00e9tica de nuestro sitio: somos imparciales.Ning\u00fan fabricante de nuestra industria, grande o peque\u00f1o, puede\" \/>\n<meta name=\"robots\" content=\"index, follow, max-snippet:-1, max-image-preview:large, max-video-preview:-1\" \/>\n<link rel=\"canonical\" href=\"https:\/\/staging.cined.dev\/es\/nuestros-principios\/\" \/>\n<meta property=\"og:locale\" content=\"es_ES\" \/>\n<meta property=\"og:type\" content=\"article\" \/>\n<meta property=\"og:title\" content=\"Rese\u00f1as imparciales \u2013 nuestros principios | CineD\" \/>\n<meta property=\"og:description\" content=\"Es un principio profundamente arraigado en la \u00e9tica de nuestro sitio: somos imparciales.Ning\u00fan fabricante de nuestra industria, grande o peque\u00f1o, puede\" \/>\n<meta property=\"og:url\" content=\"https:\/\/staging.cined.dev\/es\/nuestros-principios\/\" \/>\n<meta property=\"og:site_name\" content=\"CineD\" \/>\n<meta property=\"article:publisher\" content=\"http:\/\/www.facebook.com\/C5Dnews\" \/>\n<meta property=\"article:modified_time\" content=\"2020-08-24T14:17:33+00:00\" \/>\n<meta name=\"twitter:card\" content=\"summary_large_image\" \/>\n<meta name=\"twitter:site\" content=\"@c5dnews\" \/>\n<meta name=\"twitter:label1\" content=\"Est. reading time\" \/>\n\t<meta name=\"twitter:data1\" content=\"3 minutes\" \/>\n<script type=\"application\/ld+json\" class=\"yoast-schema-graph\">{\"@context\":\"https:\/\/schema.org\",\"@graph\":[{\"@type\":\"WebPage\",\"@id\":\"https:\/\/staging.cined.dev\/es\/nuestros-principios\/\",\"url\":\"https:\/\/staging.cined.dev\/es\/nuestros-principios\/\",\"name\":\"Rese\u00f1as imparciales \u2013 nuestros principios | CineD\",\"isPartOf\":{\"@id\":\"https:\/\/www.cined.com\/#website\"},\"datePublished\":\"2020-08-04T06:51:13+00:00\",\"dateModified\":\"2020-08-24T14:17:33+00:00\",\"description\":\"Es un principio profundamente arraigado en la \u00e9tica de nuestro sitio: somos imparciales.Ning\u00fan fabricante de nuestra industria, grande o peque\u00f1o, puede\",\"inLanguage\":\"es-ES\",\"potentialAction\":[{\"@type\":\"ReadAction\",\"target\":[\"https:\/\/staging.cined.dev\/es\/nuestros-principios\/\"]}]},{\"@type\":\"WebSite\",\"@id\":\"https:\/\/www.cined.com\/#website\",\"url\":\"https:\/\/www.cined.com\/\",\"name\":\"CineD\",\"description\":\"\",\"publisher\":{\"@id\":\"https:\/\/www.cined.com\/#organization\"},\"potentialAction\":[{\"@type\":\"SearchAction\",\"target\":{\"@type\":\"EntryPoint\",\"urlTemplate\":\"https:\/\/www.cined.com\/?s={search_term_string}\"},\"query-input\":{\"@type\":\"PropertyValueSpecification\",\"valueRequired\":true,\"valueName\":\"search_term_string\"}}],\"inLanguage\":\"es-ES\"},{\"@type\":\"Organization\",\"@id\":\"https:\/\/www.cined.com\/#organization\",\"name\":\"CineD\",\"url\":\"https:\/\/www.cined.com\/\",\"logo\":{\"@type\":\"ImageObject\",\"inLanguage\":\"es-ES\",\"@id\":\"https:\/\/www.cined.com\/#\/schema\/logo\/image\/\",\"url\":\"https:\/\/staging.cined.dev\/content\/uploads\/2020\/08\/logo_email.jpg\",\"contentUrl\":\"https:\/\/staging.cined.dev\/content\/uploads\/2020\/08\/logo_email.jpg\",\"width\":313,\"height\":285,\"caption\":\"CineD\"},\"image\":{\"@id\":\"https:\/\/www.cined.com\/#\/schema\/logo\/image\/\"},\"sameAs\":[\"http:\/\/www.facebook.com\/C5Dnews\",\"https:\/\/x.com\/c5dnews\",\"https:\/\/www.youtube.com\/user\/cinema5Dnews\"]}]}<\/script>\n<!-- \/ Yoast SEO Premium plugin. -->","yoast_head_json":{"title":"Rese\u00f1as imparciales \u2013 nuestros principios | CineD","description":"Es un principio profundamente arraigado en la \u00e9tica de nuestro sitio: somos imparciales.Ning\u00fan fabricante de nuestra industria, grande o peque\u00f1o, puede","robots":{"index":"index","follow":"follow","max-snippet":"max-snippet:-1","max-image-preview":"max-image-preview:large","max-video-preview":"max-video-preview:-1"},"canonical":"https:\/\/staging.cined.dev\/es\/nuestros-principios\/","og_locale":"es_ES","og_type":"article","og_title":"Rese\u00f1as imparciales \u2013 nuestros principios | CineD","og_description":"Es un principio profundamente arraigado en la \u00e9tica de nuestro sitio: somos imparciales.Ning\u00fan fabricante de nuestra industria, grande o peque\u00f1o, puede","og_url":"https:\/\/staging.cined.dev\/es\/nuestros-principios\/","og_site_name":"CineD","article_publisher":"http:\/\/www.facebook.com\/C5Dnews","article_modified_time":"2020-08-24T14:17:33+00:00","twitter_card":"summary_large_image","twitter_site":"@c5dnews","twitter_misc":{"Est. reading time":"3 minutes"},"schema":{"@context":"https:\/\/schema.org","@graph":[{"@type":"WebPage","@id":"https:\/\/staging.cined.dev\/es\/nuestros-principios\/","url":"https:\/\/staging.cined.dev\/es\/nuestros-principios\/","name":"Rese\u00f1as imparciales \u2013 nuestros principios | CineD","isPartOf":{"@id":"https:\/\/www.cined.com\/#website"},"datePublished":"2020-08-04T06:51:13+00:00","dateModified":"2020-08-24T14:17:33+00:00","description":"Es un principio profundamente arraigado en la \u00e9tica de nuestro sitio: somos imparciales.Ning\u00fan fabricante de nuestra industria, grande o peque\u00f1o, puede","inLanguage":"es-ES","potentialAction":[{"@type":"ReadAction","target":["https:\/\/staging.cined.dev\/es\/nuestros-principios\/"]}]},{"@type":"WebSite","@id":"https:\/\/www.cined.com\/#website","url":"https:\/\/www.cined.com\/","name":"CineD","description":"","publisher":{"@id":"https:\/\/www.cined.com\/#organization"},"potentialAction":[{"@type":"SearchAction","target":{"@type":"EntryPoint","urlTemplate":"https:\/\/www.cined.com\/?s={search_term_string}"},"query-input":{"@type":"PropertyValueSpecification","valueRequired":true,"valueName":"search_term_string"}}],"inLanguage":"es-ES"},{"@type":"Organization","@id":"https:\/\/www.cined.com\/#organization","name":"CineD","url":"https:\/\/www.cined.com\/","logo":{"@type":"ImageObject","inLanguage":"es-ES","@id":"https:\/\/www.cined.com\/#\/schema\/logo\/image\/","url":"https:\/\/staging.cined.dev\/content\/uploads\/2020\/08\/logo_email.jpg","contentUrl":"https:\/\/staging.cined.dev\/content\/uploads\/2020\/08\/logo_email.jpg","width":313,"height":285,"caption":"CineD"},"image":{"@id":"https:\/\/www.cined.com\/#\/schema\/logo\/image\/"},"sameAs":["http:\/\/www.facebook.com\/C5Dnews","https:\/\/x.com\/c5dnews","https:\/\/www.youtube.com\/user\/cinema5Dnews"]}]}},"_links":{"self":[{"href":"https:\/\/staging.cined.dev\/es\/wp-json\/wp\/v2\/pages\/152929","targetHints":{"allow":["GET"]}}],"collection":[{"href":"https:\/\/staging.cined.dev\/es\/wp-json\/wp\/v2\/pages"}],"about":[{"href":"https:\/\/staging.cined.dev\/es\/wp-json\/wp\/v2\/types\/page"}],"author":[{"embeddable":true,"href":"https:\/\/staging.cined.dev\/es\/wp-json\/wp\/v2\/users\/16404"}],"replies":[{"embeddable":true,"href":"https:\/\/staging.cined.dev\/es\/wp-json\/wp\/v2\/comments?post=152929"}],"version-history":[{"count":3,"href":"https:\/\/staging.cined.dev\/es\/wp-json\/wp\/v2\/pages\/152929\/revisions"}],"predecessor-version":[{"id":155131,"href":"https:\/\/staging.cined.dev\/es\/wp-json\/wp\/v2\/pages\/152929\/revisions\/155131"}],"wp:attachment":[{"href":"https:\/\/staging.cined.dev\/es\/wp-json\/wp\/v2\/media?parent=152929"}],"curies":[{"name":"wp","href":"https:\/\/api.w.org\/{rel}","templated":true}]}}