{"id":87373,"date":"2018-06-20T08:58:39","date_gmt":"2018-06-20T06:58:39","guid":{"rendered":"https:\/\/www.cined.com\/?page_id=87373\/"},"modified":"2020-08-04T09:57:19","modified_gmt":"2020-08-04T07:57:19","slug":"privacy-policy","status":"publish","type":"page","link":"https:\/\/staging.cined.dev\/es\/about\/privacy-policy\/","title":{"rendered":"POL\u00cdTICA DE PRIVACIDAD"},"content":{"rendered":"<p><span id=\"result_box\" class=\"\" tabindex=\"-1\" lang=\"es\"><span title=\"cinema5D GmbH is committed to protecting and respecting your privacy.\n\n\"><strong>cinema5D GmbH<\/strong> se compromete a proteger y respetar su privacidad.<\/span><\/span><\/p>\n<p><span id=\"result_box\" class=\"\" tabindex=\"-1\" lang=\"es\"><span title=\"This policy (together with our Terms of Use) sets out how we collect, store and process any personal information that we gather through our website, or that you provide to us directly.\">Esta pol\u00edtica (junto con nuestras <a href=\"https:\/\/www.cined.com\/about\/toc\/\" target=\"_blank\" rel=\"noopener noreferrer\">Condiciones de uso<\/a>) establece c\u00f3mo recopilamos, almacenamos y procesamos cualquier informaci\u00f3n personal que recogemos a trav\u00e9s de nuestro sitio web, o que usted nos proporcione directamente. <\/span><span title=\"Please read this policy carefully to understand our views and practices regarding your personal information and how we will treat it.\n\n\">Lea esta pol\u00edtica detenidamente para comprender nuestras opiniones y pr\u00e1cticas con respecto a su informaci\u00f3n personal y c\u00f3mo la trataremos.<br \/>\n<\/span><\/span><\/p>\n<p><span id=\"result_box\" class=\"\" tabindex=\"-1\" lang=\"es\"><span title=\"By visiting this website or providing your personal information to us, you are accepting and consenting to the practices described in this policy.\">Al visitar este sitio web o proporcionarnos su informaci\u00f3n personal, acepta y da consentimiento a las pr\u00e1cticas descritas en esta pol\u00edtica. <\/span><span title=\"Should we ask you to provide certain information by which you can be identified when using this website, then you can be assured that it will only be used in accordance with this privacy statement.\n\n\">En caso de que le solicitemos que proporcione cierta informaci\u00f3n que le permita identificarse al usar este sitio web, puede estar seguro de que solo se utilizar\u00e1 de acuerdo con esta declaraci\u00f3n de privacidad.<\/span><\/span><\/p>\n<p><span id=\"result_box\" class=\"\" tabindex=\"-1\" lang=\"es\"><span title=\"We may change this privacy policy from time to time by updating this page.\">Puede que cambiemos esta pol\u00edtica de privacidad de vez en cuando mediante la actualizaci\u00f3n de esta p\u00e1gina. <\/span><span title=\"You should check this page frequently to ensure that you are happy with any changes.\">Debe verificar esta p\u00e1gina con frecuencia para asegurarse de que est\u00e9 satisfecho con los cambios. <\/span><span title=\"This policy is effective from 25th May 2018.\n\n\">Esta pol\u00edtica entra en vigencia a partir del 25 de mayo de 2018.<\/span><\/span><\/p>\n<p><span id=\"result_box\" class=\"\" tabindex=\"-1\" lang=\"es\"><span title=\"For the purpose of the General Data Protection Regulation (GDPR) (EU) 2016\/679, the data controller is cinema5D GmbH (cinema5D), Kranzgasse 22\/9-10, 1150 Vienna, Austria.\">A los efectos del <em>Reglamento general de protecci\u00f3n de datos (GDPR) (UE) 2016\/679<\/em>, el controlador de datos es cinema5D GmbH (cinema5D), Kranzgasse 22 \/ 9-10, 1150 Viena, Austria.<\/span><\/span><\/p>\n<h2><span id=\"result_box\" class=\"short_text\" tabindex=\"-1\" lang=\"es\">Informaci\u00f3n que podemos recopilar sobre usted<\/span><\/h2>\n<p><strong><span id=\"result_box\" class=\"\" tabindex=\"-1\" lang=\"es\">Podemos recopilar y procesar la siguiente informaci\u00f3n sobre usted:<\/span><\/strong><\/p>\n<h3><span id=\"result_box\" class=\"short_text\" tabindex=\"-1\" lang=\"es\">Informaci\u00f3n que usted nos proporciona<\/span><\/h3>\n<p><span id=\"result_box\" class=\"\" tabindex=\"-1\" lang=\"es\">Puede proporcionarnos informaci\u00f3n completando formularios en nuestro sitio web o comunic\u00e1ndose con nosotros por tel\u00e9fono, correo electr\u00f3nico, chat en vivo u otros medios. <span class=\"\">Esto incluye la informaci\u00f3n que proporciona cuando se registra para una cuenta, solicita un presupuesto, celebra un contrato para el suministro de servicios, participa en una competencia, promoci\u00f3n o encuesta y cuando informa un problema con nuestro sitio.<\/span> <span class=\"\">La informaci\u00f3n personal que proporcione puede incluir su nombre, direcci\u00f3n, direcci\u00f3n de correo electr\u00f3nico, n\u00famero de tel\u00e9fono, edad, nombre del trabajo, intereses personales, preferencias, informaci\u00f3n financiera y de la tarjeta de cr\u00e9dito y otra informaci\u00f3n sobre usted para permitirnos brindarle servicios o <\/span><span class=\"\">productos de software.<\/span> <span class=\"\">Al proporcionarnos esta informaci\u00f3n, usted acepta expresamente que usemos su informaci\u00f3n personal de acuerdo con esta pol\u00edtica de privacidad.<\/span><\/span><\/p>\n<h3><span id=\"result_box\" class=\"short_text\" tabindex=\"-1\" lang=\"es\">Informaci\u00f3n que recogemos sobre usted<\/span><\/h3>\n<p><span id=\"result_box\" class=\"\" tabindex=\"-1\" lang=\"es\">Cuando usted visita nuestro sitio web, podemos recoger autom\u00e1ticamente informaci\u00f3n sobre su computadora, incluida su direcci\u00f3n IP, informaci\u00f3n sobre su visita, su ubicaci\u00f3n, su historial de navegaci\u00f3n y c\u00f3mo utiliza nuestro sitio web. Esta informaci\u00f3n puede combinarse con otra informaci\u00f3n que nos proporcione, como se describe anteriormente.<\/span><\/p>\n<h2><span id=\"result_box\" class=\"short_text\" tabindex=\"-1\" lang=\"es\">Qu\u00e9 hacemos con la informaci\u00f3n que recopilamos<\/span><\/h2>\n<p><strong><span id=\"result_box\" class=\"\" tabindex=\"-1\" lang=\"es\">Requerimos esta informaci\u00f3n para comprender sus necesidades e intereses y brindarle un mejor servicio, y en particular por las <\/span><span id=\"result_box\" class=\"\" tabindex=\"-1\" lang=\"es\">siguientes razones<\/span><span id=\"result_box\" class=\"\" tabindex=\"-1\" lang=\"es\">:<\/span><\/strong><\/p>\n<ul class=\"bullets\">\n<li>Registro interno<\/li>\n<li><span id=\"result_box\" class=\"\" tabindex=\"-1\" lang=\"es\">para mejorar nuestros productos y servicios<\/span><\/li>\n<li><span id=\"result_box\" class=\"\" tabindex=\"-1\" lang=\"es\"><span class=\"\">para enviar correos electr\u00f3nicos de boletines informativos sobre nuestros art\u00edculos incluyendo rese\u00f1as, nuevos productos, ofertas especiales u otra informaci\u00f3n que creemos que puede resultarle interesante utilizando la direcci\u00f3n de correo electr\u00f3nico que ha proporcionado<\/span><\/span><\/li>\n<li><span id=\"result_box\" class=\"\" tabindex=\"-1\" lang=\"es\"><span class=\"\">para contactarlo ocasionalmente por correo electr\u00f3nico<\/span><\/span><\/li>\n<li><span id=\"result_box\" class=\"\" tabindex=\"-1\" lang=\"es\"><span class=\"\">para personalizar nuestro sitio web seg\u00fan sus intereses<\/span><\/span><\/li>\n<\/ul>\n<h2><span id=\"result_box\" class=\"short_text\" tabindex=\"-1\" lang=\"es\">C\u00f3mo usamos su informaci\u00f3n personal<\/span><\/h2>\n<p><strong><span id=\"result_box\" class=\"\" tabindex=\"-1\" lang=\"es\">Usamos su informaci\u00f3n personal en relaci\u00f3n con los siguientes prop\u00f3sitos:<\/span><\/strong><\/p>\n<h3><strong><span id=\"result_box\" class=\"short_text\" tabindex=\"-1\" lang=\"es\">Cumpliendo sus solicitudes:<\/span><\/strong><\/h3>\n<ul class=\"bullets\">\n<li><span id=\"result_box\" class=\"\" tabindex=\"-1\" lang=\"es\"><span class=\"\">para proporcionarle noticias, informaci\u00f3n, productos y servicios que nos solicite<\/span><\/span><\/li>\n<li><span id=\"result_box\" class=\"\" tabindex=\"-1\" lang=\"es\"><span class=\"\">para completar cualquier transacci\u00f3n que est\u00e9 realizando con nosotros<\/span><\/span><\/li>\n<li><span id=\"result_box\" class=\"\" tabindex=\"-1\" lang=\"es\"><span class=\"\">para administrar cualquier promoci\u00f3n a la que usted ingrese a trav\u00e9s de nuestro sitio web<\/span><\/span><\/li>\n<li><span id=\"result_box\" class=\"\" tabindex=\"-1\" lang=\"es\"><span class=\"\">para permitirle participar en funciones interactivas de nuestro servicio, cuando usted elija hacerlo<\/span><\/span><\/li>\n<\/ul>\n<h3>Marketing:<\/h3>\n<ul class=\"bullets\">\n<li><span id=\"result_box\" class=\"\" tabindex=\"-1\" lang=\"es\"><span class=\"\">para proporcionarle informaci\u00f3n sobre bienes y servicios que nosotros o nuestros socios ofrecen, que son similares a los que ya ha comprado o sobre los que haya preguntado<\/span><\/span><\/li>\n<li><span id=\"result_box\" class=\"\" tabindex=\"-1\" lang=\"es\"><span class=\"\">para proporcionarle informaci\u00f3n sobre bienes o servicios que puedan interesarle<\/span><\/span><\/li>\n<li><span id=\"result_box\" class=\"\" tabindex=\"-1\" lang=\"es\"><span class=\"\">para medir o comprender la efectividad de la publicidad que le brindamos a usted y a otros, y para enviarle publicidad relevante, que puede estar basada en su actividad en nuestro sitio web.<\/span><\/span><\/li>\n<li><span id=\"result_box\" class=\"\" tabindex=\"-1\" lang=\"es\"><span class=\"\">para hacer sugerencias y recomendaciones sobre bienes o servicios que puedan interesarle, que pueden estar basados en su actividad en nuestro sitio web<\/span><\/span><\/li>\n<\/ul>\n<h3><span id=\"result_box\" class=\"short_text\" tabindex=\"-1\" lang=\"es\"><span class=\"\">Mejoras en el servicio y administraci\u00f3n de cuentas:<\/span><\/span><\/h3>\n<ul class=\"bullets\">\n<li><span id=\"result_box\" class=\"\" tabindex=\"-1\" lang=\"es\"><span class=\"\">para garantizar que el contenido de nuestro sitio se presente de la manera m\u00e1s efectiva para usted<\/span><\/span><\/li>\n<li><span id=\"result_box\" class=\"\" tabindex=\"-1\" lang=\"es\"><span class=\"\">para administrar nuestro sitio y para la administraci\u00f3n y operaciones comerciales internas, incluida la resoluci\u00f3n de problemas, an\u00e1lisis de datos, pruebas, investigaci\u00f3n, estad\u00edsticas y encuestas<\/span><\/span>.<\/li>\n<li><span id=\"result_box\" class=\"\" tabindex=\"-1\" lang=\"es\"><span class=\"\">para notificarle sobre cambios en nuestro servicio y para enviarle correos electr\u00f3nicos de servicio relacionados con su cuenta<\/span><\/span><\/li>\n<li><span id=\"result_box\" class=\"\" tabindex=\"-1\" lang=\"es\"><span class=\"\">como parte de nuestros esfuerzos para mantener nuestro sitio seguro y protegido<\/span><\/span><\/li>\n<li><span id=\"result_box\" class=\"\" tabindex=\"-1\" lang=\"es\"><span class=\"\">para administrar y operar su cuenta con nosotros<\/span><\/span><\/li>\n<\/ul>\n<h2><span id=\"result_box\" class=\"short_text\" tabindex=\"-1\" lang=\"es\">Donde almacenamos su informaci\u00f3n personal<\/span><\/h2>\n<p><span id=\"result_box\" class=\"\" tabindex=\"-1\" lang=\"es\"><span title=\"We are committed to ensuring that your information is secure.\">Nos comprometemos a garantizar que su informaci\u00f3n est\u00e9 segura. <\/span><span title=\"In order to prevent unauthorised access or disclosure, we have put in place suitable procedures to safeguard and secure the information we collect online.\n\n\">Para evitar el acceso o la divulgaci\u00f3n no autorizados, hemos establecido procedimientos adecuados para salvaguardar y asegurar la informaci\u00f3n que recopilamos en l\u00ednea.<\/span><\/span><\/p>\n<p><span title=\"The information that we collect from you may be transferred to, and stored in, a country outside the European Economic Area (EEA).\">La informaci\u00f3n que recopilamos de usted puede transferirse y almacenarse en un pa\u00eds fuera del \u00c1rea Econ\u00f3mica Europea (AEE). <\/span><span title=\"It may also be processed by staff operating outside the EEA who work for us or for one of our suppliers.\">Tambi\u00e9n puede ser procesada por personal que opera fuera del AEE y que trabaja para nosotros o para uno de nuestros proveedores. <\/span><span title=\"The laws in some countries may not provide as much legal protection for your information as in the EEA.\">Las leyes en algunos pa\u00edses pueden no brindar tanta protecci\u00f3n legal para su informaci\u00f3n como en el AEE. <\/span><span title=\"By submitting your personal information, you agree to this transfer, storing or processing.\">Al enviar su informaci\u00f3n personal, acepta esta transferencia, almacenamiento o procesamiento. <\/span><span title=\"We will take all steps reasonably necessary to ensure that your data is treated securely and in accordance with this privacy policy.\n\n\">Tomaremos todas las medidas razonablemente necesarias para garantizar que sus datos se traten de forma segura y de conformidad con esta pol\u00edtica de privacidad.<\/span><\/p>\n<p><span title=\"Unfortunately, the transmission of information via the internet is not completely secure.\">Lamentablemente, la transmisi\u00f3n de informaci\u00f3n a trav\u00e9s de Internet no es completamente segura. <\/span><span title=\"Although we will do our best to protect your personal information, we cannot guarantee the security of your information transmitted to our site;\">Aunque haremos nuestro mejor esfuerzo para proteger su informaci\u00f3n personal, no podemos garantizar la seguridad de su informaci\u00f3n transmitida a nuestro sitio; <\/span><span title=\"any transmission is at your own risk.\">cualquier transmisi\u00f3n es bajo su propio riesgo.<\/span><\/p>\n<h3><span id=\"result_box\" class=\"short_text\" tabindex=\"-1\" lang=\"es\">C\u00f3mo usamos las cookies<\/span><\/h3>\n<p><span id=\"result_box\" class=\"\" tabindex=\"-1\" lang=\"es\">Una cookie es un archivo peque\u00f1o que solicita permiso para colocarse en el disco duro de su computadora. Las cookies permiten a los sitios web responderle individualmente y adaptar sus operaciones a sus necesidades, lo que le agrada y lo que no, recopilando y recordando informaci\u00f3n sobre sus preferencias. Nuestro sitio web utiliza cookies para distinguirlo de otros usuarios de nuestro sitio web. Esto nos ayuda a brindarle una buena experiencia cuando navega en nuestro sitio web y tambi\u00e9n nos permite mejorar nuestro sitio y proporcionar publicidad basada en intereses.<\/span><\/p>\n<p>Una cookie de ninguna manera nos da acceso a su computadora ni a ninguna informaci\u00f3n sobre usted, que no sea la informaci\u00f3n que decide compartir con nosotros. <span class=\"\">Puede ajustar la configuraci\u00f3n de su navegador para rechazar las cookies, pero algunos de los servicios en nuestro sitio web pueden no funcionar si lo hace.<\/span><\/p>\n<h3><span id=\"result_box\" class=\"short_text\" tabindex=\"-1\" lang=\"es\">Enlaces a otros sitios web<\/span><\/h3>\n<p><span id=\"result_box\" class=\"\" tabindex=\"-1\" lang=\"es\">Nuestro sitio web puede contener enlaces a otros sitios web de inter\u00e9s. Sin embargo, una vez que haya utilizado estos enlaces para abandonar nuestro sitio, debe tener en cuenta que no tenemos ning\u00fan control sobre ese otro sitio web. <span class=\"\">Por lo tanto, no podemos ser responsables de la protecci\u00f3n y privacidad de la informaci\u00f3n que proporcione al visitar dichos sitios, y dichos sitios no se rigen por esta declaraci\u00f3n de privacidad.<\/span> <span class=\"\">Debe tener precauci\u00f3n y consultar la declaraci\u00f3n de privacidad aplicable al sitio web en cuesti\u00f3n.<\/span><\/span><\/p>\n<h3><span id=\"result_box\" class=\"short_text\" tabindex=\"-1\" lang=\"es\">Controlando su informaci\u00f3n personal<\/span><\/h3>\n<p><span id=\"result_box\" class=\"\" tabindex=\"-1\" lang=\"es\">No venderemos, distribuiremos o alquilaremos su informaci\u00f3n personal a terceros a menos que tengamos su permiso o la ley as\u00ed lo requiera. <span class=\"\">Podemos utilizar su informaci\u00f3n personal para enviarle informaci\u00f3n promocional sobre terceros que creemos que puede serle \u00fatil como parte de nuestro servicio como proveedor de noticias e informaci\u00f3n.<\/span><\/span><\/p>\n<h3><span id=\"result_box\" class=\"short_text\" tabindex=\"-1\" lang=\"es\"><span class=\"\">Preferencias de correo electr\u00f3nico<\/span><\/span><\/h3>\n<p><span id=\"result_box\" class=\"\" tabindex=\"-1\" lang=\"es\"><span class=\"\">Si ya no desea recibir noticias y correos electr\u00f3nicos promocionales de cinema5D, haga clic en el enlace para darse de baja que se incluye al final de cada correo electr\u00f3nico.<\/span><\/span><\/p>\n<p><span id=\"result_box\" class=\"\" tabindex=\"-1\" lang=\"es\"><span class=\"\">Seg\u00fan el Reglamento General de Protecci\u00f3n de Datos (GDPR) (UE) 2016\/679, usted tiene derecho a descargar, modificar o eliminar la informaci\u00f3n personal que tenemos sobre usted.<\/span> Si desea una copia de la informaci\u00f3n que tiene sobre usted, env\u00ede un correo electr\u00f3nico a<\/span> <a href=\"mailto:privacy@cinema5D.com\">privacy@cinema5D.com<\/a>. <span id=\"result_box\" class=\"\" tabindex=\"-1\" lang=\"es\"><span class=\"\">Si considera que la informaci\u00f3n que tenemos sobre usted es incorrecta o incompleta, env\u00edenos un correo electr\u00f3nico tan pronto como sea posible a<\/span><\/span> <a href=\"mailto:privacy@cinema5D.com\">privacy@cinema5D.com<\/a> <span id=\"result_box\" class=\"\" tabindex=\"-1\" lang=\"es\"><span class=\"\">y corregiremos r\u00e1pidamente cualquier informaci\u00f3n que se sea incorrecta.<\/span><\/span><\/p>\n<p><span id=\"result_box\" class=\"short_text\" tabindex=\"-1\" lang=\"es\">Actualizado: 25 de mayo de 2018<\/span><\/p>\n","protected":false},"excerpt":{"rendered":"<p>cinema5D GmbH se compromete a proteger y respetar su privacidad. Esta pol\u00edtica (junto con nuestras Condiciones de uso) establece c\u00f3mo recopilamos, almacenamos y procesamos cualquier informaci\u00f3n personal que recogemos a trav\u00e9s de nuestro sitio web, o que usted nos proporcione directamente. Lea esta pol\u00edtica detenidamente para comprender nuestras opiniones y pr\u00e1cticas con respecto a su informaci\u00f3n personal y c\u00f3mo la trataremos. Al visitar este sitio web o proporcionarnos su informaci\u00f3n personal, acepta y da consentimiento a las pr\u00e1cticas descritas en esta pol\u00edtica. En caso de que le solicitemos que proporcione cierta informaci\u00f3n que le permita identificarse al usar este sitio web, puede estar seguro de que solo se utilizar\u00e1 de [&hellip;]<\/p>\n","protected":false},"author":11792,"featured_media":0,"parent":87305,"menu_order":0,"comment_status":"closed","ping_status":"closed","template":"","meta":{"footnotes":"","_links_to":"","_links_to_target":""},"class_list":["post-87373","page","type-page","status-publish","hentry"],"yoast_head":"<!-- This site is optimized with the Yoast SEO Premium plugin v20.10 (Yoast SEO v27.0) - https:\/\/yoast.com\/product\/yoast-seo-premium-wordpress\/ -->\n<title>POL\u00cdTICA DE PRIVACIDAD | CineD<\/title>\n<meta name=\"description\" content=\"cinema5D GmbH se compromete a proteger y respetar su privacidad. Esta pol\u00edtica (junto con nuestras Condiciones de uso) establece c\u00f3mo recopilamos,\" \/>\n<meta name=\"robots\" content=\"index, follow, max-snippet:-1, max-image-preview:large, max-video-preview:-1\" \/>\n<link rel=\"canonical\" href=\"https:\/\/staging.cined.dev\/es\/about\/privacy-policy\/\" \/>\n<meta property=\"og:locale\" content=\"es_ES\" \/>\n<meta property=\"og:type\" content=\"article\" \/>\n<meta property=\"og:title\" content=\"POL\u00cdTICA DE PRIVACIDAD | CineD\" \/>\n<meta property=\"og:description\" content=\"cinema5D GmbH se compromete a proteger y respetar su privacidad. Esta pol\u00edtica (junto con nuestras Condiciones de uso) establece c\u00f3mo recopilamos,\" \/>\n<meta property=\"og:url\" content=\"https:\/\/staging.cined.dev\/es\/about\/privacy-policy\/\" \/>\n<meta property=\"og:site_name\" content=\"CineD\" \/>\n<meta property=\"article:publisher\" content=\"http:\/\/www.facebook.com\/C5Dnews\" \/>\n<meta property=\"article:modified_time\" content=\"2020-08-04T07:57:19+00:00\" \/>\n<meta name=\"twitter:card\" content=\"summary_large_image\" \/>\n<meta name=\"twitter:site\" content=\"@c5dnews\" \/>\n<meta name=\"twitter:label1\" content=\"Est. reading time\" \/>\n\t<meta name=\"twitter:data1\" content=\"7 minutes\" \/>\n<script type=\"application\/ld+json\" class=\"yoast-schema-graph\">{\"@context\":\"https:\/\/schema.org\",\"@graph\":[{\"@type\":\"WebPage\",\"@id\":\"https:\/\/staging.cined.dev\/es\/about\/privacy-policy\/\",\"url\":\"https:\/\/staging.cined.dev\/es\/about\/privacy-policy\/\",\"name\":\"POL\u00cdTICA DE PRIVACIDAD | CineD\",\"isPartOf\":{\"@id\":\"https:\/\/www.cined.com\/#website\"},\"datePublished\":\"2018-06-20T06:58:39+00:00\",\"dateModified\":\"2020-08-04T07:57:19+00:00\",\"description\":\"cinema5D GmbH se compromete a proteger y respetar su privacidad. Esta pol\u00edtica (junto con nuestras Condiciones de uso) establece c\u00f3mo recopilamos,\",\"breadcrumb\":{\"@id\":\"https:\/\/staging.cined.dev\/es\/about\/privacy-policy\/#breadcrumb\"},\"inLanguage\":\"es-ES\",\"potentialAction\":[{\"@type\":\"ReadAction\",\"target\":[\"https:\/\/staging.cined.dev\/es\/about\/privacy-policy\/\"]}]},{\"@type\":\"BreadcrumbList\",\"@id\":\"https:\/\/staging.cined.dev\/es\/about\/privacy-policy\/#breadcrumb\",\"itemListElement\":[{\"@type\":\"ListItem\",\"position\":1,\"name\":\"Acerca de\",\"item\":\"https:\/\/www.cined.com\/es\/about\/\"},{\"@type\":\"ListItem\",\"position\":2,\"name\":\"POL\u00cdTICA DE PRIVACIDAD\"}]},{\"@type\":\"WebSite\",\"@id\":\"https:\/\/www.cined.com\/#website\",\"url\":\"https:\/\/www.cined.com\/\",\"name\":\"CineD\",\"description\":\"\",\"publisher\":{\"@id\":\"https:\/\/www.cined.com\/#organization\"},\"potentialAction\":[{\"@type\":\"SearchAction\",\"target\":{\"@type\":\"EntryPoint\",\"urlTemplate\":\"https:\/\/www.cined.com\/?s={search_term_string}\"},\"query-input\":{\"@type\":\"PropertyValueSpecification\",\"valueRequired\":true,\"valueName\":\"search_term_string\"}}],\"inLanguage\":\"es-ES\"},{\"@type\":\"Organization\",\"@id\":\"https:\/\/www.cined.com\/#organization\",\"name\":\"CineD\",\"url\":\"https:\/\/www.cined.com\/\",\"logo\":{\"@type\":\"ImageObject\",\"inLanguage\":\"es-ES\",\"@id\":\"https:\/\/www.cined.com\/#\/schema\/logo\/image\/\",\"url\":\"https:\/\/staging.cined.dev\/content\/uploads\/2020\/08\/logo_email.jpg\",\"contentUrl\":\"https:\/\/staging.cined.dev\/content\/uploads\/2020\/08\/logo_email.jpg\",\"width\":313,\"height\":285,\"caption\":\"CineD\"},\"image\":{\"@id\":\"https:\/\/www.cined.com\/#\/schema\/logo\/image\/\"},\"sameAs\":[\"http:\/\/www.facebook.com\/C5Dnews\",\"https:\/\/x.com\/c5dnews\",\"https:\/\/www.youtube.com\/user\/cinema5Dnews\"]}]}<\/script>\n<!-- \/ Yoast SEO Premium plugin. -->","yoast_head_json":{"title":"POL\u00cdTICA DE PRIVACIDAD | CineD","description":"cinema5D GmbH se compromete a proteger y respetar su privacidad. Esta pol\u00edtica (junto con nuestras Condiciones de uso) establece c\u00f3mo recopilamos,","robots":{"index":"index","follow":"follow","max-snippet":"max-snippet:-1","max-image-preview":"max-image-preview:large","max-video-preview":"max-video-preview:-1"},"canonical":"https:\/\/staging.cined.dev\/es\/about\/privacy-policy\/","og_locale":"es_ES","og_type":"article","og_title":"POL\u00cdTICA DE PRIVACIDAD | CineD","og_description":"cinema5D GmbH se compromete a proteger y respetar su privacidad. Esta pol\u00edtica (junto con nuestras Condiciones de uso) establece c\u00f3mo recopilamos,","og_url":"https:\/\/staging.cined.dev\/es\/about\/privacy-policy\/","og_site_name":"CineD","article_publisher":"http:\/\/www.facebook.com\/C5Dnews","article_modified_time":"2020-08-04T07:57:19+00:00","twitter_card":"summary_large_image","twitter_site":"@c5dnews","twitter_misc":{"Est. reading time":"7 minutes"},"schema":{"@context":"https:\/\/schema.org","@graph":[{"@type":"WebPage","@id":"https:\/\/staging.cined.dev\/es\/about\/privacy-policy\/","url":"https:\/\/staging.cined.dev\/es\/about\/privacy-policy\/","name":"POL\u00cdTICA DE PRIVACIDAD | CineD","isPartOf":{"@id":"https:\/\/www.cined.com\/#website"},"datePublished":"2018-06-20T06:58:39+00:00","dateModified":"2020-08-04T07:57:19+00:00","description":"cinema5D GmbH se compromete a proteger y respetar su privacidad. Esta pol\u00edtica (junto con nuestras Condiciones de uso) establece c\u00f3mo recopilamos,","breadcrumb":{"@id":"https:\/\/staging.cined.dev\/es\/about\/privacy-policy\/#breadcrumb"},"inLanguage":"es-ES","potentialAction":[{"@type":"ReadAction","target":["https:\/\/staging.cined.dev\/es\/about\/privacy-policy\/"]}]},{"@type":"BreadcrumbList","@id":"https:\/\/staging.cined.dev\/es\/about\/privacy-policy\/#breadcrumb","itemListElement":[{"@type":"ListItem","position":1,"name":"Acerca de","item":"https:\/\/www.cined.com\/es\/about\/"},{"@type":"ListItem","position":2,"name":"POL\u00cdTICA DE PRIVACIDAD"}]},{"@type":"WebSite","@id":"https:\/\/www.cined.com\/#website","url":"https:\/\/www.cined.com\/","name":"CineD","description":"","publisher":{"@id":"https:\/\/www.cined.com\/#organization"},"potentialAction":[{"@type":"SearchAction","target":{"@type":"EntryPoint","urlTemplate":"https:\/\/www.cined.com\/?s={search_term_string}"},"query-input":{"@type":"PropertyValueSpecification","valueRequired":true,"valueName":"search_term_string"}}],"inLanguage":"es-ES"},{"@type":"Organization","@id":"https:\/\/www.cined.com\/#organization","name":"CineD","url":"https:\/\/www.cined.com\/","logo":{"@type":"ImageObject","inLanguage":"es-ES","@id":"https:\/\/www.cined.com\/#\/schema\/logo\/image\/","url":"https:\/\/staging.cined.dev\/content\/uploads\/2020\/08\/logo_email.jpg","contentUrl":"https:\/\/staging.cined.dev\/content\/uploads\/2020\/08\/logo_email.jpg","width":313,"height":285,"caption":"CineD"},"image":{"@id":"https:\/\/www.cined.com\/#\/schema\/logo\/image\/"},"sameAs":["http:\/\/www.facebook.com\/C5Dnews","https:\/\/x.com\/c5dnews","https:\/\/www.youtube.com\/user\/cinema5Dnews"]}]}},"_links":{"self":[{"href":"https:\/\/staging.cined.dev\/es\/wp-json\/wp\/v2\/pages\/87373","targetHints":{"allow":["GET"]}}],"collection":[{"href":"https:\/\/staging.cined.dev\/es\/wp-json\/wp\/v2\/pages"}],"about":[{"href":"https:\/\/staging.cined.dev\/es\/wp-json\/wp\/v2\/types\/page"}],"author":[{"embeddable":true,"href":"https:\/\/staging.cined.dev\/es\/wp-json\/wp\/v2\/users\/11792"}],"replies":[{"embeddable":true,"href":"https:\/\/staging.cined.dev\/es\/wp-json\/wp\/v2\/comments?post=87373"}],"version-history":[{"count":3,"href":"https:\/\/staging.cined.dev\/es\/wp-json\/wp\/v2\/pages\/87373\/revisions"}],"predecessor-version":[{"id":152968,"href":"https:\/\/staging.cined.dev\/es\/wp-json\/wp\/v2\/pages\/87373\/revisions\/152968"}],"up":[{"embeddable":true,"href":"https:\/\/staging.cined.dev\/es\/wp-json\/wp\/v2\/pages\/87305"}],"wp:attachment":[{"href":"https:\/\/staging.cined.dev\/es\/wp-json\/wp\/v2\/media?parent=87373"}],"curies":[{"name":"wp","href":"https:\/\/api.w.org\/{rel}","templated":true}]}}