{"id":87619,"date":"2018-05-24T20:39:48","date_gmt":"2018-05-24T18:39:48","guid":{"rendered":"https:\/\/www.cined.com\/?page_id=87619\/"},"modified":"2018-06-22T06:51:45","modified_gmt":"2018-06-22T04:51:45","slug":"toc","status":"publish","type":"page","link":"https:\/\/staging.cined.dev\/es\/about\/toc\/","title":{"rendered":"CONDICIONES DE USO"},"content":{"rendered":"<p><span style=\"font-size: 16px;\"><span id=\"result_box\" class=\"\" lang=\"es\" tabindex=\"-1\"><span class=\"\">Gracias por visitar nuestro sitio Web.<\/span> <span class=\"\">Si contin\u00faa navegando y utilizando este sitio web, acepta cumplir y estar sujeto a los siguientes t\u00e9rminos y condiciones de uso, que junto con nuestra <a href=\"https:\/\/www.cined.com\/es\/about\/privacy-policy\/\" target=\"_blank\" rel=\"noopener\">Pol\u00edtica de privacidad<\/a> rigen la relaci\u00f3n de cinema5D con usted en relaci\u00f3n con este sitio web.<\/span> <span class=\"\">Si no est\u00e1 de acuerdo con alguna parte de estos t\u00e9rminos y condiciones, no use nuestro sitio web.<\/span><\/span><\/span><\/p>\n<div class=\"articleContent\">\n<p><span id=\"result_box\" class=\"\" lang=\"es\" tabindex=\"-1\"><span class=\"\">El t\u00e9rmino &#8216;cinema5D&#8217; o &#8216;C5D&#8217; o &#8216;nosotros&#8217; se refiere al propietario del sitio web, cinema5D GmbH, cuya sede social se encuentra en Kranzgasse 22\/9-10, 1150 Viena, Austria.<\/span> <span class=\"\">El n\u00famero de registro de nuestra compa\u00f1\u00eda es FN 484301 i.<\/span> <span class=\"\">El t\u00e9rmino &#8220;usted&#8221; se refiere al usuario o espectador de nuestro sitio web.<\/span><\/span><\/p>\n<h3><strong><span id=\"result_box\" class=\"\" lang=\"es\" tabindex=\"-1\">El uso de este sitio web est\u00e1 sujeto a las siguientes condiciones de uso:<\/span><\/strong><\/h3>\n<ul>\n<li><span id=\"result_box\" class=\"\" lang=\"es\" tabindex=\"-1\">El contenido de las p\u00e1ginas de este sitio web es solo para su informaci\u00f3n y uso general. Est\u00e1 sujeto a cambios sin previo aviso.<\/span><\/li>\n<li><span id=\"result_box\" class=\"\" lang=\"es\" tabindex=\"-1\">Este sitio web utiliza cookies para monitorear las preferencias de navegaci\u00f3n. Estas cookies se almacenan en su computadora y nos ayudan a mejorar su experiencia de navegaci\u00f3n. Se pueden usar de forma an\u00f3nima para seleccionar contenido y publicidad que sea relevante para sus preferencias.<\/span><\/li>\n<li><span id=\"result_box\" class=\"\" lang=\"es\" tabindex=\"-1\">Ni nosotros ni ning\u00fan tercero brindamos ninguna garant\u00eda en cuanto a la precisi\u00f3n, puntualidad, rendimiento, integridad o adecuaci\u00f3n de la informaci\u00f3n y los materiales encontrados u ofrecidos en este sitio web para un prop\u00f3sito particular. Usted reconoce que dicha informaci\u00f3n y materiales pueden contener imprecisiones o errores y expresamente excluimos la responsabilidad por tales imprecisiones o errores en la m\u00e1xima medida permitida por la ley.<\/span><\/li>\n<li><span id=\"result_box\" class=\"\" lang=\"es\" tabindex=\"-1\">El uso de cualquier informaci\u00f3n o material en este sitio web es bajo su propio riesgo, por lo que no seremos responsables. Ser\u00e1 su responsabilidad garantizar que cualquier producto, servicio o informaci\u00f3n disponible a trav\u00e9s de este sitio web cumpla con sus requisitos espec\u00edficos.<\/span><\/li>\n<li><span id=\"result_box\" class=\"\" lang=\"es\" tabindex=\"-1\">Este sitio web contiene material que nos pertenece o del cual poseemos la licencia. Este material incluye, entre otros, el dise\u00f1o, disposici\u00f3n, el aspecto, la apariencia y los gr\u00e1ficos.<\/span><\/li>\n<li><span id=\"result_box\" class=\"\" lang=\"es\" tabindex=\"-1\">Se proh\u00edbe la reproducci\u00f3n que no est\u00e9 en concordancia con el aviso de copyright, que forma parte de estos t\u00e9rminos y condiciones.<\/span><\/li>\n<li><span id=\"result_box\" class=\"\" lang=\"es\" tabindex=\"-1\">Todas las marcas comerciales reproducidas en este sitio web, que no son propiedad de, ni tienen licencia para el operador, son reconocidas en el sitio web.<\/span><\/li>\n<li><span id=\"result_box\" class=\"\" lang=\"es\" tabindex=\"-1\">El uso no autorizado de este sitio web puede dar lugar a un reclamo por da\u00f1os y\/o puede ser un delito.<\/span><\/li>\n<li><span id=\"result_box\" class=\"\" lang=\"es\" tabindex=\"-1\">Las p\u00e1ginas de este sitio web tambi\u00e9n pueden incluir enlaces a otros sitios web. Estos enlaces se proporcionan para su conveniencia para brindar m\u00e1s informaci\u00f3n. No significan que aprobamos los sitios web. No tenemos responsabilidad por el contenido de los sitios web vinculados. <span class=\"\">Algunos de estos enlaces, especialmente (pero no limitados) a los sitios web de nuestros principales patrocinadores distribuidores B&amp;H y CVP, pueden incluir c\u00f3digos de referencia de afiliados que permiten a nuestros patrocinadores distribuidores hacer un seguimiento de sus compras en sus sitios con el objetivo de pagar tarifas de referencia de afiliados<\/span> a nosotros. <span class=\"\">Nunca recibimos ni almacenamos datos personales sobre los compradores en ese proceso.<\/span><\/span><\/li>\n<li><span id=\"result_box\" class=\"\" lang=\"es\" tabindex=\"-1\">Su uso de este sitio web y cualquier disputa que surja de dicho uso del sitio web est\u00e1 sujeto a las leyes de Austria. El lugar de jurisdicci\u00f3n es Viena, Austria.<\/span><\/li>\n<\/ul>\n<p><strong>cinema5D GmbH, 2018. Todos los derechos reservados.<\/strong><\/p>\n<\/div>\n","protected":false},"excerpt":{"rendered":"<p>Gracias por visitar nuestro sitio Web. Si contin\u00faa navegando y utilizando este sitio web, acepta cumplir y estar sujeto a los siguientes t\u00e9rminos y condiciones de uso, que junto con nuestra Pol\u00edtica de privacidad rigen la relaci\u00f3n de cinema5D con usted en relaci\u00f3n con este sitio web. Si no est\u00e1 de acuerdo con alguna parte de estos t\u00e9rminos y condiciones, no use nuestro sitio web. El t\u00e9rmino &#8216;cinema5D&#8217; o &#8216;C5D&#8217; o &#8216;nosotros&#8217; se refiere al propietario del sitio web, cinema5D GmbH, cuya sede social se encuentra en Kranzgasse 22\/9-10, 1150 Viena, Austria. El n\u00famero de registro de nuestra compa\u00f1\u00eda es FN 484301 i. El t\u00e9rmino &#8220;usted&#8221; se refiere al usuario [&hellip;]<\/p>\n","protected":false},"author":8,"featured_media":0,"parent":87305,"menu_order":0,"comment_status":"closed","ping_status":"closed","template":"","meta":{"footnotes":"","_links_to":"","_links_to_target":""},"class_list":["post-87619","page","type-page","status-publish","hentry"],"yoast_head":"<!-- This site is optimized with the Yoast SEO Premium plugin v20.10 (Yoast SEO v27.0) - https:\/\/yoast.com\/product\/yoast-seo-premium-wordpress\/ -->\n<title>CONDICIONES DE USO | CineD<\/title>\n<meta name=\"description\" content=\"Gracias por visitar nuestro sitio Web. Si contin\u00faa navegando y utilizando este sitio web, acepta cumplir y estar sujeto a los siguientes t\u00e9rminos y\" \/>\n<meta name=\"robots\" content=\"index, follow, max-snippet:-1, max-image-preview:large, max-video-preview:-1\" \/>\n<link rel=\"canonical\" href=\"https:\/\/staging.cined.dev\/es\/about\/toc\/\" \/>\n<meta property=\"og:locale\" content=\"es_ES\" \/>\n<meta property=\"og:type\" content=\"article\" \/>\n<meta property=\"og:title\" content=\"CONDICIONES DE USO | CineD\" \/>\n<meta property=\"og:description\" content=\"Gracias por visitar nuestro sitio Web. Si contin\u00faa navegando y utilizando este sitio web, acepta cumplir y estar sujeto a los siguientes t\u00e9rminos y\" \/>\n<meta property=\"og:url\" content=\"https:\/\/staging.cined.dev\/es\/about\/toc\/\" \/>\n<meta property=\"og:site_name\" content=\"CineD\" \/>\n<meta property=\"article:publisher\" content=\"http:\/\/www.facebook.com\/C5Dnews\" \/>\n<meta property=\"article:modified_time\" content=\"2018-06-22T04:51:45+00:00\" \/>\n<meta name=\"twitter:card\" content=\"summary_large_image\" \/>\n<meta name=\"twitter:site\" content=\"@c5dnews\" \/>\n<meta name=\"twitter:label1\" content=\"Est. reading time\" \/>\n\t<meta name=\"twitter:data1\" content=\"3 minutes\" \/>\n<script type=\"application\/ld+json\" class=\"yoast-schema-graph\">{\"@context\":\"https:\/\/schema.org\",\"@graph\":[{\"@type\":\"WebPage\",\"@id\":\"https:\/\/staging.cined.dev\/es\/about\/toc\/\",\"url\":\"https:\/\/staging.cined.dev\/es\/about\/toc\/\",\"name\":\"CONDICIONES DE USO | CineD\",\"isPartOf\":{\"@id\":\"https:\/\/www.cined.com\/#website\"},\"datePublished\":\"2018-05-24T18:39:48+00:00\",\"dateModified\":\"2018-06-22T04:51:45+00:00\",\"description\":\"Gracias por visitar nuestro sitio Web. Si contin\u00faa navegando y utilizando este sitio web, acepta cumplir y estar sujeto a los siguientes t\u00e9rminos y\",\"breadcrumb\":{\"@id\":\"https:\/\/staging.cined.dev\/es\/about\/toc\/#breadcrumb\"},\"inLanguage\":\"es-ES\",\"potentialAction\":[{\"@type\":\"ReadAction\",\"target\":[\"https:\/\/staging.cined.dev\/es\/about\/toc\/\"]}]},{\"@type\":\"BreadcrumbList\",\"@id\":\"https:\/\/staging.cined.dev\/es\/about\/toc\/#breadcrumb\",\"itemListElement\":[{\"@type\":\"ListItem\",\"position\":1,\"name\":\"Acerca de\",\"item\":\"https:\/\/www.cined.com\/es\/about\/\"},{\"@type\":\"ListItem\",\"position\":2,\"name\":\"CONDICIONES DE USO\"}]},{\"@type\":\"WebSite\",\"@id\":\"https:\/\/www.cined.com\/#website\",\"url\":\"https:\/\/www.cined.com\/\",\"name\":\"CineD\",\"description\":\"\",\"publisher\":{\"@id\":\"https:\/\/www.cined.com\/#organization\"},\"potentialAction\":[{\"@type\":\"SearchAction\",\"target\":{\"@type\":\"EntryPoint\",\"urlTemplate\":\"https:\/\/www.cined.com\/?s={search_term_string}\"},\"query-input\":{\"@type\":\"PropertyValueSpecification\",\"valueRequired\":true,\"valueName\":\"search_term_string\"}}],\"inLanguage\":\"es-ES\"},{\"@type\":\"Organization\",\"@id\":\"https:\/\/www.cined.com\/#organization\",\"name\":\"CineD\",\"url\":\"https:\/\/www.cined.com\/\",\"logo\":{\"@type\":\"ImageObject\",\"inLanguage\":\"es-ES\",\"@id\":\"https:\/\/www.cined.com\/#\/schema\/logo\/image\/\",\"url\":\"https:\/\/staging.cined.dev\/content\/uploads\/2020\/08\/logo_email.jpg\",\"contentUrl\":\"https:\/\/staging.cined.dev\/content\/uploads\/2020\/08\/logo_email.jpg\",\"width\":313,\"height\":285,\"caption\":\"CineD\"},\"image\":{\"@id\":\"https:\/\/www.cined.com\/#\/schema\/logo\/image\/\"},\"sameAs\":[\"http:\/\/www.facebook.com\/C5Dnews\",\"https:\/\/x.com\/c5dnews\",\"https:\/\/www.youtube.com\/user\/cinema5Dnews\"]}]}<\/script>\n<!-- \/ Yoast SEO Premium plugin. -->","yoast_head_json":{"title":"CONDICIONES DE USO | CineD","description":"Gracias por visitar nuestro sitio Web. Si contin\u00faa navegando y utilizando este sitio web, acepta cumplir y estar sujeto a los siguientes t\u00e9rminos y","robots":{"index":"index","follow":"follow","max-snippet":"max-snippet:-1","max-image-preview":"max-image-preview:large","max-video-preview":"max-video-preview:-1"},"canonical":"https:\/\/staging.cined.dev\/es\/about\/toc\/","og_locale":"es_ES","og_type":"article","og_title":"CONDICIONES DE USO | CineD","og_description":"Gracias por visitar nuestro sitio Web. Si contin\u00faa navegando y utilizando este sitio web, acepta cumplir y estar sujeto a los siguientes t\u00e9rminos y","og_url":"https:\/\/staging.cined.dev\/es\/about\/toc\/","og_site_name":"CineD","article_publisher":"http:\/\/www.facebook.com\/C5Dnews","article_modified_time":"2018-06-22T04:51:45+00:00","twitter_card":"summary_large_image","twitter_site":"@c5dnews","twitter_misc":{"Est. reading time":"3 minutes"},"schema":{"@context":"https:\/\/schema.org","@graph":[{"@type":"WebPage","@id":"https:\/\/staging.cined.dev\/es\/about\/toc\/","url":"https:\/\/staging.cined.dev\/es\/about\/toc\/","name":"CONDICIONES DE USO | CineD","isPartOf":{"@id":"https:\/\/www.cined.com\/#website"},"datePublished":"2018-05-24T18:39:48+00:00","dateModified":"2018-06-22T04:51:45+00:00","description":"Gracias por visitar nuestro sitio Web. Si contin\u00faa navegando y utilizando este sitio web, acepta cumplir y estar sujeto a los siguientes t\u00e9rminos y","breadcrumb":{"@id":"https:\/\/staging.cined.dev\/es\/about\/toc\/#breadcrumb"},"inLanguage":"es-ES","potentialAction":[{"@type":"ReadAction","target":["https:\/\/staging.cined.dev\/es\/about\/toc\/"]}]},{"@type":"BreadcrumbList","@id":"https:\/\/staging.cined.dev\/es\/about\/toc\/#breadcrumb","itemListElement":[{"@type":"ListItem","position":1,"name":"Acerca de","item":"https:\/\/www.cined.com\/es\/about\/"},{"@type":"ListItem","position":2,"name":"CONDICIONES DE USO"}]},{"@type":"WebSite","@id":"https:\/\/www.cined.com\/#website","url":"https:\/\/www.cined.com\/","name":"CineD","description":"","publisher":{"@id":"https:\/\/www.cined.com\/#organization"},"potentialAction":[{"@type":"SearchAction","target":{"@type":"EntryPoint","urlTemplate":"https:\/\/www.cined.com\/?s={search_term_string}"},"query-input":{"@type":"PropertyValueSpecification","valueRequired":true,"valueName":"search_term_string"}}],"inLanguage":"es-ES"},{"@type":"Organization","@id":"https:\/\/www.cined.com\/#organization","name":"CineD","url":"https:\/\/www.cined.com\/","logo":{"@type":"ImageObject","inLanguage":"es-ES","@id":"https:\/\/www.cined.com\/#\/schema\/logo\/image\/","url":"https:\/\/staging.cined.dev\/content\/uploads\/2020\/08\/logo_email.jpg","contentUrl":"https:\/\/staging.cined.dev\/content\/uploads\/2020\/08\/logo_email.jpg","width":313,"height":285,"caption":"CineD"},"image":{"@id":"https:\/\/www.cined.com\/#\/schema\/logo\/image\/"},"sameAs":["http:\/\/www.facebook.com\/C5Dnews","https:\/\/x.com\/c5dnews","https:\/\/www.youtube.com\/user\/cinema5Dnews"]}]}},"_links":{"self":[{"href":"https:\/\/staging.cined.dev\/es\/wp-json\/wp\/v2\/pages\/87619","targetHints":{"allow":["GET"]}}],"collection":[{"href":"https:\/\/staging.cined.dev\/es\/wp-json\/wp\/v2\/pages"}],"about":[{"href":"https:\/\/staging.cined.dev\/es\/wp-json\/wp\/v2\/types\/page"}],"author":[{"embeddable":true,"href":"https:\/\/staging.cined.dev\/es\/wp-json\/wp\/v2\/users\/8"}],"replies":[{"embeddable":true,"href":"https:\/\/staging.cined.dev\/es\/wp-json\/wp\/v2\/comments?post=87619"}],"version-history":[{"count":3,"href":"https:\/\/staging.cined.dev\/es\/wp-json\/wp\/v2\/pages\/87619\/revisions"}],"predecessor-version":[{"id":87628,"href":"https:\/\/staging.cined.dev\/es\/wp-json\/wp\/v2\/pages\/87619\/revisions\/87628"}],"up":[{"embeddable":true,"href":"https:\/\/staging.cined.dev\/es\/wp-json\/wp\/v2\/pages\/87305"}],"wp:attachment":[{"href":"https:\/\/staging.cined.dev\/es\/wp-json\/wp\/v2\/media?parent=87619"}],"curies":[{"name":"wp","href":"https:\/\/api.w.org\/{rel}","templated":true}]}}